{"id":20809,"date":"2021-04-21T12:54:20","date_gmt":"2021-04-21T12:54:20","guid":{"rendered":"https:\/\/actusdigital.com\/planifiez-une-demonstration\/"},"modified":"2025-11-27T10:46:54","modified_gmt":"2025-11-27T10:46:54","slug":"planifiez-une-demonstration","status":"publish","type":"page","link":"https:\/\/actusdigital.com\/fr\/planifiez-une-demonstration\/","title":{"rendered":"Planifiez une d\u00e9monstration"},"content":{"rendered":"<p>[et_pb_section fb_built=\u00a0\u00bb1&Prime; fullwidth=\u00a0\u00bbon\u00a0\u00bb _builder_version=\u00a0\u00bb4.16&Prime; _module_preset=\u00a0\u00bbdefault\u00a0\u00bb global_colors_info=\u00a0\u00bb{}\u00a0\u00bb][et_pb_fullwidth_header title=\u00a0\u00bbInscrivez-vous pour une d\u00e9monstration en ligne interactive et en direct\u00a0\u00bb _builder_version=\u00a0\u00bb4.25.2&Prime; _module_preset=\u00a0\u00bbdefault\u00a0\u00bb title_font=\u00a0\u00bb||||||||\u00a0\u00bb title_font_size=\u00a0\u00bb48px\u00a0\u00bb background_enable_color=\u00a0\u00bboff\u00a0\u00bb background_image=\u00a0\u00bbhttps:\/\/actusdigital.com\/wp-content\/uploads\/2021\/03\/Banner.png\u00a0\u00bb height=\u00a0\u00bb460px\u00a0\u00bb height_tablet=\u00a0\u00bb\u00a0\u00bb height_phone=\u00a0\u00bb\u00a0\u00bb height_last_edited=\u00a0\u00bbon|phone\u00a0\u00bb custom_padding=\u00a0\u00bb180px||||false|false\u00a0\u00bb custom_padding_tablet=\u00a0\u00bb\u00a0\u00bb custom_padding_phone=\u00a0\u00bb40px||||false|false\u00a0\u00bb custom_padding_last_edited=\u00a0\u00bbon|desktop\u00a0\u00bb title_font_size_tablet=\u00a0\u00bb\u00a0\u00bb title_font_size_phone=\u00a0\u00bb36px\u00a0\u00bb title_font_size_last_edited=\u00a0\u00bbon|phone\u00a0\u00bb global_colors_info=\u00a0\u00bb{}\u00a0\u00bb][\/et_pb_fullwidth_header][\/et_pb_section][et_pb_section fb_built=\u00a0\u00bb1&Prime; _builder_version=\u00a0\u00bb4.23.4&Prime; _module_preset=\u00a0\u00bbdefault\u00a0\u00bb background_color=\u00a0\u00bb#EEEDEB\u00a0\u00bb background_enable_image=\u00a0\u00bboff\u00a0\u00bb custom_margin=\u00a0\u00bb0px||||false|false\u00a0\u00bb saved_tabs=\u00a0\u00bball\u00a0\u00bb global_colors_info=\u00a0\u00bb{}\u00a0\u00bb][et_pb_row _builder_version=\u00a0\u00bb4.16&Prime; _module_preset=\u00a0\u00bbdefault\u00a0\u00bb global_colors_info=\u00a0\u00bb{}\u00a0\u00bb][et_pb_column type=\u00a0\u00bb4_4&Prime; _builder_version=\u00a0\u00bb4.16&Prime; _module_preset=\u00a0\u00bbdefault\u00a0\u00bb global_colors_info=\u00a0\u00bb{}\u00a0\u00bb][et_pb_text _builder_version=\u00a0\u00bb4.27.4&Prime; _module_preset=\u00a0\u00bbdefault\u00a0\u00bb header_font=\u00a0\u00bb|300|||||||\u00a0\u00bb header_text_align=\u00a0\u00bbcenter\u00a0\u00bb header_text_color=\u00a0\u00bb#042D43&Prime; header_font_size=\u00a0\u00bb48px\u00a0\u00bb module_alignment=\u00a0\u00bbcenter\u00a0\u00bb custom_margin=\u00a0\u00bb||0px||false|false\u00a0\u00bb custom_padding=\u00a0\u00bb0px||0px||false|false\u00a0\u00bb locked=\u00a0\u00bboff\u00a0\u00bb global_colors_info=\u00a0\u00bb{}\u00a0\u00bb]<\/p>\n<h1><b>Commencez maintenant<\/b><\/h1>\n<p>[\/et_pb_text][et_pb_code _builder_version=\u00a0\u00bb4.27.4&Prime; _module_preset=\u00a0\u00bbdefault\u00a0\u00bb global_colors_info=\u00a0\u00bb{}\u00a0\u00bb]<iframe loading=\"lazy\" src=\"https:\/\/go.liveu.tv\/l\/788423\/2025-07-08\/37lwcr?form_type=input-placeholders&#038;column=two-column&#038;font=epilogue&#038;label=dark&#038;Lead_Expectations=follow-up%20with%20lead%20today&#038;Lead_Form=actus demo&#038;Last_Lead_Form=actus_demo&#038;lead_process=Actus\" width=\"100%\" height=\"500\" type=\"text\/html\" frameborder=\"0\" allowTransparency=\"true\" style=\"border: 0\"><\/iframe>[\/et_pb_code][\/et_pb_column][\/et_pb_row][\/et_pb_section][et_pb_section fb_built=\u00a0\u00bb1&Prime; disabled_on=\u00a0\u00bbon|on|on\u00a0\u00bb _builder_version=\u00a0\u00bb4.24.2&Prime; _module_preset=\u00a0\u00bbdefault\u00a0\u00bb background_image=\u00a0\u00bbhttps:\/\/actusdigital.com\/wp-content\/uploads\/2021\/04\/Schedule-a-Demo-bg4.png\u00a0\u00bb custom_margin=\u00a0\u00bb||||false|false\u00a0\u00bb custom_padding=\u00a0\u00bb30px||130px||false|false\u00a0\u00bb disabled=\u00a0\u00bbon\u00a0\u00bb global_colors_info=\u00a0\u00bb{}\u00a0\u00bb][et_pb_row column_structure=\u00a0\u00bb2_5,3_5&Prime; use_custom_gutter=\u00a0\u00bbon\u00a0\u00bb _builder_version=\u00a0\u00bb4.16&Prime; _module_preset=\u00a0\u00bbdefault\u00a0\u00bb custom_padding=\u00a0\u00bb55px|||||\u00a0\u00bb global_colors_info=\u00a0\u00bb{}\u00a0\u00bb][et_pb_column type=\u00a0\u00bb2_5&Prime; _builder_version=\u00a0\u00bb4.16&Prime; _module_preset=\u00a0\u00bbdefault\u00a0\u00bb global_colors_info=\u00a0\u00bb{}\u00a0\u00bb][et_pb_text _builder_version=\u00a0\u00bb4.16&Prime; _module_preset=\u00a0\u00bbdefault\u00a0\u00bb text_font=\u00a0\u00bb||||||||\u00a0\u00bb text_line_height=\u00a0\u00bb1.5em\u00a0\u00bb header_3_font=\u00a0\u00bb|700|||||||\u00a0\u00bb header_3_text_color=\u00a0\u00bb#f0702f\u00a0\u00bb header_3_font_size=\u00a0\u00bb28px\u00a0\u00bb custom_margin=\u00a0\u00bb30px||0px||false|false\u00a0\u00bb global_colors_info=\u00a0\u00bb{}\u00a0\u00bb]<\/p>\n<h3 class=\"pb-5\">Planifiez une d\u00e9monstration en ligne<\/h3>\n<p>[\/et_pb_text][et_pb_text _builder_version=\u00a0\u00bb4.16&Prime; _module_preset=\u00a0\u00bbdefault\u00a0\u00bb text_font=\u00a0\u00bb|300|||||||\u00a0\u00bb text_line_height=\u00a0\u00bb1.5em\u00a0\u00bb custom_margin=\u00a0\u00bb0px||||false|false\u00a0\u00bb custom_padding=\u00a0\u00bb0px||||false|false\u00a0\u00bb global_colors_info=\u00a0\u00bb{}\u00a0\u00bb]<\/p>\n<p>D\u00e9couvrez la plateforme d&rsquo;intelligence m\u00e9dia puissante et dynamique d&rsquo;Actus Digital qui va au-del\u00e0 de l&rsquo;<a href=\"https:\/\/actusdigital.com\/fr\/conformite-de-la-diffusion\/\">enregistrement<\/a> et de la surveillance de <a href=\"https:\/\/actusdigital.com\/fr\/conformite-de-la-diffusion\/\">la conformit\u00e9<\/a> obligatoire, pour inclure l&rsquo;enregistrement du sous-titrage, des sous-titres, de la sonorit\u00e9, de la SCTE, des journaux d&rsquo;ex\u00e9cution et de l&rsquo;int\u00e9gration EPG.<br \/>\nLa plateforme Actus Digital fournit des flux de travail suppl\u00e9mentaires pour les diff\u00e9rents d\u00e9partements de diffusion afin de permettre un traitement rapide du contenu vers les m\u00e9dias sociaux, la surveillance technique, la <a href=\"https:\/\/actusdigital.com\/fr\/detection-automatique-des-publicites-et-ia\/\">d\u00e9tection automatique des publicit\u00e9s<\/a> et l&rsquo;<a href=\"https:\/\/actusdigital.com\/fr\/actus-intelligence-artificielle\/\">int\u00e9gration de l&rsquo;IA<\/a>, telle que la synth\u00e8se vocale, et plus encore. <\/p>\n<p>Remplissez le formulaire ci-dessous pour planifier une d\u00e9monstration.<br \/>\nNous esp\u00e9rons vous voir bient\u00f4t ! <\/p>\n<p>[\/et_pb_text][\/et_pb_column][et_pb_column type=\u00a0\u00bb3_5&Prime; _builder_version=\u00a0\u00bb4.16&Prime; _module_preset=\u00a0\u00bbdefault\u00a0\u00bb global_colors_info=\u00a0\u00bb{}\u00a0\u00bb][et_pb_image src=\u00a0\u00bbhttps:\/\/actusdigital.com\/wp-content\/uploads\/2021\/04\/Schedule-a-Demo-Graph2.png\u00a0\u00bb title_text=\u00a0\u00bbPlanifiez une d\u00e9monstration Graph2&Prime; _builder_version=\u00a0\u00bb4.16&Prime; _module_preset=\u00a0\u00bbdefault\u00a0\u00bb global_colors_info=\u00a0\u00bb{}\u00a0\u00bb][\/et_pb_image][\/et_pb_column][\/et_pb_row][\/et_pb_section]<\/p>\n","protected":false},"excerpt":{"rendered":"<p>Commencez maintenantPlanifiez une d\u00e9monstration en ligneD\u00e9couvrez la plateforme d&rsquo;intelligence m\u00e9dia puissante et dynamique d&rsquo;Actus Digital qui va au-del\u00e0 de l&rsquo;enregistrement et de la surveillance de la conformit\u00e9 obligatoire, pour inclure l&rsquo;enregistrement du sous-titrage, des sous-titres, de la sonorit\u00e9, de la SCTE, des journaux d&rsquo;ex\u00e9cution et de l&rsquo;int\u00e9gration EPG. La plateforme Actus Digital fournit des flux [&hellip;]<\/p>\n","protected":false},"author":1,"featured_media":0,"parent":0,"menu_order":0,"comment_status":"closed","ping_status":"closed","template":"","meta":{"_et_pb_use_builder":"on","_et_pb_old_content":"","_et_gb_content_width":"","footnotes":""},"class_list":["post-20809","page","type-page","status-publish","hentry"],"yoast_head":"<!-- This site is optimized with the Yoast SEO plugin v27.2 - https:\/\/yoast.com\/product\/yoast-seo-wordpress\/ -->\n<title>Actus Digital | Planifiez une d\u00e9monstration<\/title>\n<meta name=\"description\" content=\"D\u00e9couvrez la plateforme de surveillance intelligente puissante et dynamique d&#039;Actus, qui va au-del\u00e0 de l&#039;enregistrement et de la surveillance obligatoires de la conformit\u00e9.\" \/>\n<meta name=\"robots\" content=\"index, follow, max-snippet:-1, max-image-preview:large, max-video-preview:-1\" \/>\n<link rel=\"canonical\" href=\"https:\/\/actusdigital.com\/fr\/planifiez-une-demonstration\/\" \/>\n<meta property=\"og:locale\" content=\"fr_FR\" \/>\n<meta property=\"og:type\" content=\"article\" \/>\n<meta property=\"og:title\" content=\"Actus Digital | Planifiez une d\u00e9monstration\" \/>\n<meta property=\"og:description\" content=\"D\u00e9couvrez la plateforme de surveillance intelligente puissante et dynamique d&#039;Actus, qui va au-del\u00e0 de l&#039;enregistrement et de la surveillance obligatoires de la conformit\u00e9.\" \/>\n<meta property=\"og:url\" content=\"https:\/\/actusdigital.com\/fr\/planifiez-une-demonstration\/\" \/>\n<meta property=\"og:site_name\" content=\"Actus Digital\" \/>\n<meta property=\"article:modified_time\" content=\"2025-11-27T10:46:54+00:00\" \/>\n<meta name=\"twitter:card\" content=\"summary_large_image\" \/>\n<meta name=\"twitter:label1\" content=\"Dur\u00e9e de lecture estim\u00e9e\" \/>\n\t<meta name=\"twitter:data1\" content=\"3 minutes\" \/>\n<!-- \/ Yoast SEO plugin. -->","yoast_head_json":{"title":"Actus Digital | Planifiez une d\u00e9monstration","description":"D\u00e9couvrez la plateforme de surveillance intelligente puissante et dynamique d'Actus, qui va au-del\u00e0 de l'enregistrement et de la surveillance obligatoires de la conformit\u00e9.","robots":{"index":"index","follow":"follow","max-snippet":"max-snippet:-1","max-image-preview":"max-image-preview:large","max-video-preview":"max-video-preview:-1"},"canonical":"https:\/\/actusdigital.com\/fr\/planifiez-une-demonstration\/","og_locale":"fr_FR","og_type":"article","og_title":"Actus Digital | Planifiez une d\u00e9monstration","og_description":"D\u00e9couvrez la plateforme de surveillance intelligente puissante et dynamique d'Actus, qui va au-del\u00e0 de l'enregistrement et de la surveillance obligatoires de la conformit\u00e9.","og_url":"https:\/\/actusdigital.com\/fr\/planifiez-une-demonstration\/","og_site_name":"Actus Digital","article_modified_time":"2025-11-27T10:46:54+00:00","twitter_card":"summary_large_image","twitter_misc":{"Dur\u00e9e de lecture estim\u00e9e":"3 minutes"},"schema":{"@context":"https:\/\/schema.org","@graph":[{"@type":"WebPage","@id":"https:\/\/actusdigital.com\/fr\/planifiez-une-demonstration\/","url":"https:\/\/actusdigital.com\/fr\/planifiez-une-demonstration\/","name":"Actus Digital | Planifiez une d\u00e9monstration","isPartOf":{"@id":"https:\/\/actusdigital.com\/fr\/#website"},"datePublished":"2021-04-21T12:54:20+00:00","dateModified":"2025-11-27T10:46:54+00:00","description":"D\u00e9couvrez la plateforme de surveillance intelligente puissante et dynamique d'Actus, qui va au-del\u00e0 de l'enregistrement et de la surveillance obligatoires de la conformit\u00e9.","breadcrumb":{"@id":"https:\/\/actusdigital.com\/fr\/planifiez-une-demonstration\/#breadcrumb"},"inLanguage":"fr-FR","potentialAction":[{"@type":"ReadAction","target":["https:\/\/actusdigital.com\/fr\/planifiez-une-demonstration\/"]}]},{"@type":"BreadcrumbList","@id":"https:\/\/actusdigital.com\/fr\/planifiez-une-demonstration\/#breadcrumb","itemListElement":[{"@type":"ListItem","position":1,"name":"Home","item":"https:\/\/actusdigital.com\/fr\/"},{"@type":"ListItem","position":2,"name":"Planifiez une d\u00e9monstration"}]},{"@type":"WebSite","@id":"https:\/\/actusdigital.com\/fr\/#website","url":"https:\/\/actusdigital.com\/fr\/","name":"Actus Digital","description":"Media Inteligence Platform","publisher":{"@id":"https:\/\/actusdigital.com\/fr\/#organization"},"potentialAction":[{"@type":"SearchAction","target":{"@type":"EntryPoint","urlTemplate":"https:\/\/actusdigital.com\/fr\/?s={search_term_string}"},"query-input":{"@type":"PropertyValueSpecification","valueRequired":true,"valueName":"search_term_string"}}],"inLanguage":"fr-FR"},{"@type":"Organization","@id":"https:\/\/actusdigital.com\/fr\/#organization","name":"Actus Digital","url":"https:\/\/actusdigital.com\/fr\/","logo":{"@type":"ImageObject","inLanguage":"fr-FR","@id":"https:\/\/actusdigital.com\/fr\/#\/schema\/logo\/image\/","url":"https:\/\/actusdigital.com\/wp-content\/uploads\/2024\/09\/20th-logo-on-light-.png","contentUrl":"https:\/\/actusdigital.com\/wp-content\/uploads\/2024\/09\/20th-logo-on-light-.png","width":210,"height":97,"caption":"Actus Digital"},"image":{"@id":"https:\/\/actusdigital.com\/fr\/#\/schema\/logo\/image\/"},"sameAs":["https:\/\/www.linkedin.com\/company\/actusdigital\/posts\/?feedView=all"]}]}},"_links":{"self":[{"href":"https:\/\/actusdigital.com\/fr\/wp-json\/wp\/v2\/pages\/20809","targetHints":{"allow":["GET"]}}],"collection":[{"href":"https:\/\/actusdigital.com\/fr\/wp-json\/wp\/v2\/pages"}],"about":[{"href":"https:\/\/actusdigital.com\/fr\/wp-json\/wp\/v2\/types\/page"}],"author":[{"embeddable":true,"href":"https:\/\/actusdigital.com\/fr\/wp-json\/wp\/v2\/users\/1"}],"replies":[{"embeddable":true,"href":"https:\/\/actusdigital.com\/fr\/wp-json\/wp\/v2\/comments?post=20809"}],"version-history":[{"count":4,"href":"https:\/\/actusdigital.com\/fr\/wp-json\/wp\/v2\/pages\/20809\/revisions"}],"predecessor-version":[{"id":72008,"href":"https:\/\/actusdigital.com\/fr\/wp-json\/wp\/v2\/pages\/20809\/revisions\/72008"}],"wp:attachment":[{"href":"https:\/\/actusdigital.com\/fr\/wp-json\/wp\/v2\/media?parent=20809"}],"curies":[{"name":"wp","href":"https:\/\/api.w.org\/{rel}","templated":true}]}}